{"id":32,"date":"2025-02-02T23:19:31","date_gmt":"2025-02-02T22:19:31","guid":{"rendered":"https:\/\/www.sportix.net\/?page_id=32"},"modified":"2025-02-12T01:43:38","modified_gmt":"2025-02-12T00:43:38","slug":"etapes-vers-le-succes","status":"publish","type":"page","link":"https:\/\/www.sportix.net\/?page_id=32","title":{"rendered":"Services propos\u00e9s"},"content":{"rendered":"\n<h2 class=\"wp-block-heading\" id=\"creation-de-sites-internet\"> Cr\u00e9ation de Sites Internet<\/h2>\n\n\n\n<p>Avoir un site internet, c\u2019est offrir \u00e0 votre CLUB une vitrine accessible 24\/7, capable d\u2019attirer de nouveaux MEMBRES et de renforcer votre cr\u00e9dibilit\u00e9.<br>Dans un monde o\u00f9 tout se passe en ligne, un site bien con\u00e7u vous permet de vous d\u00e9marquer, d\u2019am\u00e9liorer votre visibilit\u00e9 et de g\u00e9n\u00e9rer plus d\u2019opportunit\u00e9s.<br>Que ce soit pour vendre, informer ou fid\u00e9liser, un site web est un investissement essentiel pour votre croissance et votre succ\u00e8s.<\/p>\n\n\n\n<p><strong>Un site internet, c\u2019est la vitrine de votre club ! Il permet aux membres et aux futurs adh\u00e9rents de d\u00e9couvrir vos activit\u00e9s, vos horaires et vos \u00e9v\u00e9nements. <\/strong><br><strong>C\u2019est aussi un outil indispensable pour partager votre actualit\u00e9, faciliter les inscriptions et renforcer votre communaut\u00e9. En quelques clics, chacun peut s\u2019informer et rejoindre votre club facilement !<\/strong><\/p>\n\n\n\n<h2 class=\"wp-block-heading\" id=\"design-graphique\">Design Graphique<\/h2>\n\n\n\n<p>Il est primordial d&rsquo;accorder toute l&rsquo;attention n\u00e9cessaire au design graphique de chaque site internet. Avec un design alliant esth\u00e9tisme, ergonomie et modernit\u00e9, votre site offrira  une exp\u00e9rience utilisateur fluide et engageante. Chaque \u00e9l\u00e9ment visuel doit \u00eatre pens\u00e9 pour refl\u00e9ter votre identit\u00e9, capter l\u2019attention et faciliter la navigation. Gr\u00e2ce \u00e0 un \u00e9quilibre entre cr\u00e9ativit\u00e9 et fonctionnalit\u00e9, les interfaces doivent \u00eatre intuitives, responsives et adapt\u00e9es aux derni\u00e8res tendances du web.<\/p>\n\n\n\n<p><strong>Un design dynamique et immersif, \u00e0 l\u2019image de votre club ! Votre site sera moderne, clair et intuitif pour offrir une navigation fluide.<br>Les couleurs, les visuels et la mise en page seront pens\u00e9s pour transmettre votre \u00e9nergie et votre passion du sport.<\/strong><\/p>\n\n\n\n<h2 class=\"wp-block-heading\" id=\"creation-de-contenu\">Cr\u00e9ation de Contenu<\/h2>\n\n\n\n<p>Le contenu doit \u00eatre engageant et strat\u00e9gique pour donner \u00e0 votre site une vraie valeur ajout\u00e9e. Textes percutants, images de qualit\u00e9, vid\u00e9os dynamiques : chaque \u00e9l\u00e9ment est con\u00e7u pour capter l\u2019attention, informer et inciter \u00e0 l\u2019action. Le ton et le style doivent \u00eatre adapt\u00e9s \u00e0 votre audience pour renforcer votre message et optimiser votre visibilit\u00e9. Un bon contenu, c\u2019est un site vivant, attractif et efficace pour convertir vos visiteurs en futurs membres.<\/p>\n\n\n\n<p><strong>Des articles, des photos, des vid\u00e9os\u2026 Votre contenu sera captivant, pour faire vivre votre club en ligne ! <\/strong><br><strong>Retrouver les derni\u00e8res actualit\u00e9s, les derniers r\u00e9sultats, les interviews de vos coachs et bien plus encore. <\/strong><br><strong>Gr\u00e2ce \u00e0 un contenu riche et engageant, vous pourrez partager l\u2019esprit de votre club !<\/strong><\/p>\n\n\n\n<h2 class=\"wp-block-heading\" id=\"referencement-naturel\">R\u00e9f\u00e9rencement Naturel (SEO)<\/h2>\n\n\n\n<p>Avoir un site internet, c\u2019est bien. \u00catre visible sur Google, c\u2019est encore mieux ! Gr\u00e2ce au r\u00e9f\u00e9rencement naturel (SEO), vous augmentez la probabilit\u00e9 que votre club apparaisse en t\u00eate des r\u00e9sultats de recherche, permettant aux futurs adh\u00e9rents de vous trouver facilement.<\/p>\n\n\n\n<p>Un bon SEO am\u00e9liore votre visibilit\u00e9, attire de nouveaux membres et met en avant vos \u00e9v\u00e9nements et votre actualit\u00e9. En optimisant le contenu, les mots-cl\u00e9s et la structure de votre site, vous assurez une pr\u00e9sence en ligne performante et durable.<\/p>\n\n\n\n<p><\/p>\n","protected":false},"excerpt":{"rendered":"<p>Cr\u00e9ation de Sites Internet Avoir un site internet, c\u2019est offrir \u00e0 votre CLUB une vitrine accessible 24\/7, capable d\u2019attirer de nouveaux MEMBRES et de renforcer votre cr\u00e9dibilit\u00e9.Dans un monde o\u00f9 tout se passe en ligne, un site bien con\u00e7u vous permet de vous d\u00e9marquer, d\u2019am\u00e9liorer votre visibilit\u00e9 et de g\u00e9n\u00e9rer plus d\u2019opportunit\u00e9s.Que ce soit pour [&hellip;]<\/p>\n","protected":false},"author":1,"featured_media":0,"parent":0,"menu_order":0,"comment_status":"closed","ping_status":"closed","template":"","meta":{"footnotes":""},"class_list":["post-32","page","type-page","status-publish","hentry"],"_links":{"self":[{"href":"https:\/\/www.sportix.net\/index.php?rest_route=\/wp\/v2\/pages\/32","targetHints":{"allow":["GET"]}}],"collection":[{"href":"https:\/\/www.sportix.net\/index.php?rest_route=\/wp\/v2\/pages"}],"about":[{"href":"https:\/\/www.sportix.net\/index.php?rest_route=\/wp\/v2\/types\/page"}],"author":[{"embeddable":true,"href":"https:\/\/www.sportix.net\/index.php?rest_route=\/wp\/v2\/users\/1"}],"replies":[{"embeddable":true,"href":"https:\/\/www.sportix.net\/index.php?rest_route=%2Fwp%2Fv2%2Fcomments&post=32"}],"version-history":[{"count":8,"href":"https:\/\/www.sportix.net\/index.php?rest_route=\/wp\/v2\/pages\/32\/revisions"}],"predecessor-version":[{"id":75,"href":"https:\/\/www.sportix.net\/index.php?rest_route=\/wp\/v2\/pages\/32\/revisions\/75"}],"wp:attachment":[{"href":"https:\/\/www.sportix.net\/index.php?rest_route=%2Fwp%2Fv2%2Fmedia&parent=32"}],"curies":[{"name":"wp","href":"https:\/\/api.w.org\/{rel}","templated":true}]}}